{"id":9,"date":"2022-12-28T10:00:09","date_gmt":"2022-12-28T09:00:09","guid":{"rendered":"http:\/\/www.gk-personal-training.lu\/gkde\/?page_id=9"},"modified":"2023-02-28T08:27:35","modified_gmt":"2023-02-28T07:27:35","slug":"ihr-personal-trainer","status":"publish","type":"page","link":"http:\/\/www.gk-personal-training.lu\/gkde\/ihr-personal-trainer\/","title":{"rendered":"\u00e4ren Personal Trainer"},"content":{"rendered":"<p><span class=\"xr_tl Normal_Text xr_s1\"><img loading=\"lazy\" decoding=\"async\" class=\"size-full wp-image-10 alignleft\" src=\"http:\/\/www.gk-personal-training.lu\/gkde\/wp-content\/uploads\/2022\/12\/541.jpg\" alt=\"\" width=\"181\" height=\"221\">Meine sportliche Laufbahn begann f\u00fcr heutige Verh\u00e4ltnisse ziemlich sp\u00e4t: Erst mit 12 <\/span> <span class=\"xr_tl Normal_Text xr_s1\">Jahren trat ich dem lokalen Turnverein bei. Kurze Zeit sp\u00e4ter wurde ich in die <\/span> <span class=\"xr_tl Normal_Text xr_s1\">Kunstturnerriege der AGN (Ass. des Gymnastes du Nord) aufgenommen. Das harte <\/span> <span class=\"xr_tl Normal_Text xr_s1\">Training hat mir Selbstdisziplin, Durchhalteverm\u00f6gen und Eigenmotivation beigebracht. <\/span> <span class=\"xr_tl Normal_Text xr_s1\">Das Kunstturnen war sozusagen eine Lebensschule f\u00fcr mich.<\/span><\/p>\n<p><span class=\"xr_tl Normal_Text xr_s1\">Wegen Trainermangel im Turnsport hat mir mein damaliger Verein angeboten, die <\/span> <span class=\"xr_tl Normal_Text xr_s1\">Aufgabe des Jugendtrainers zu \u00fcbernehmen. Mit 17 machte ich schliesslich meine erste <\/span> <span class=\"xr_tl Normal_Text xr_s1\">Trainerlizenz.<\/span><\/p>\n<p><span class=\"xr_tl Normal_Text xr_s1\">Ich habe sehr fr\u00fch gelernt, Verantwortung zu \u00fcbernehmen und Kinder an die Welt des Sports heranzuf\u00fchren. Die <\/span> <span class=\"xr_tl Normal_Text xr_s1\">folgenden 15 Jahre betreute ich Jungen und M\u00e4dchen in verschiedenen Turnvereinen, jeweils in den Disziplinen <\/span> <span class=\"xr_tl Normal_Text xr_s1\">Turnen und Kunstturnen.<\/span><\/p>\n<p><span class=\"xr_tl Normal_Text xr_s1\">In den 80ger Jahren schwappte die Aerobicwelle nach Luxemburg \u00fcber. Ich war gleich so begeistert davon, dass ich, <\/span> <span class=\"xr_tl Normal_Text xr_s1\">ohne zu z\u00f6gern, 1994 bei der SAFS (Schule f\u00fcr Aerobic und Fitness) in Z\u00fcrich meine erste Lizenz in Aerobic machte. Es <\/span> <span class=\"xr_tl Normal_Text xr_s1\">folgten anschliessend weitere Lizenzen f\u00fcr Step und andere Gruppentrainingsarten.<img loading=\"lazy\" decoding=\"async\" class=\"alignnone size-medium wp-image-29\" src=\"http:\/\/www.gk-personal-training.lu\/gkde\/wp-content\/uploads\/2022\/12\/455-300x200.jpg\" alt=\"\" width=\"300\" height=\"200\" srcset=\"http:\/\/www.gk-personal-training.lu\/gkde\/wp-content\/uploads\/2022\/12\/455-300x200.jpg 300w, http:\/\/www.gk-personal-training.lu\/gkde\/wp-content\/uploads\/2022\/12\/455.jpg 658w\" sizes=\"auto, (max-width: 300px) 100vw, 300px\" \/><\/span><\/p>\n<p><span class=\"xr_tl Normal_Text xr_s1\">Seit nunmehr \u00fcber 20 Jahren betreue ich mit viel Freude und Engagement die Mitglieder eines renommierten <\/span> <span class=\"xr_tl Normal_Text xr_s1\">luxemburger Fitnessclubs.<\/span><\/p>\n<p><span class=\"xr_tl Normal_Text xr_s1\">Fitness war immer meine grosse Leidenschaft. 2004 machte ich meine erste B-Trainer-Lizenz bei der BSA Akademie in <\/span> <span class=\"xr_tl Normal_Text xr_s1\">Saarbr\u00fccken. Seitdem investiere ich regelm\u00e4ssig viel Zeit in Fortgeschrittenenausbildungen, sowohl in Luxemburg als <\/span> <span class=\"xr_tl Normal_Text xr_s1\">auch im Ausland.<\/span><\/p>\n<p><span class=\"xr_tl Normal_Text xr_s1\">Ich bin stolz darauf, heute sagen zu k\u00f6nnen, dass ich ein lizensierter und qualifizierter Personal Trainer bin, und es mir <\/span> <span class=\"xr_tl Normal_Text xr_s1\">noch immer sehr viel Spa\u00df macht, meine Kunden zu motivieren und zu inspirieren.<\/span><\/p>\n<p><span class=\"xr_tl Normal_Text xr_s1\"><img loading=\"lazy\" decoding=\"async\" class=\"size-medium wp-image-31 alignleft\" src=\"http:\/\/www.gk-personal-training.lu\/gkde\/wp-content\/uploads\/2022\/12\/454-300x200.jpg\" alt=\"\" width=\"300\" height=\"200\" srcset=\"http:\/\/www.gk-personal-training.lu\/gkde\/wp-content\/uploads\/2022\/12\/454-300x200.jpg 300w, http:\/\/www.gk-personal-training.lu\/gkde\/wp-content\/uploads\/2022\/12\/454.jpg 658w\" sizes=\"auto, (max-width: 300px) 100vw, 300px\" \/><\/span><\/p>\n<p><span class=\"xr_tl Normal_Text xr_s1\">Qualifikationen:<\/span><\/p>\n<p><span class=\"xr_tl Normal_Text xr_s1\">Ausbildungen bei bodyARTschool international, Germany<br \/>\n<\/span><span class=\"xr_tl Normal_Text xr_s1\">2014 International bodyART Instructor Level 1<\/span><\/p>\n<p><span class=\"xr_tl Normal_Text xr_s1\">Ausbildungen bei der BSA Akademie, Saarbr\u00fccken, Allemagne : <\/span><br \/>\n<span class=\"xr_tl Normal_Text xr_s1\">2013<\/span> <span class=\"xr_tl Normal_Text xr_s1\">Kursleiter Pilates<br \/>\n<\/span> <span class=\"xr_tl Normal_Text xr_s1\">2013<\/span> <span class=\"xr_tl Normal_Text xr_s1\">Athletictrainer <\/span><br \/>\n<span class=\"xr_tl Normal_Text xr_s1\">2013<\/span> <span class=\"xr_tl Normal_Text xr_s1\">Kursleiter Fit Kids <\/span><br \/>\n<span class=\"xr_tl Normal_Text xr_s1\">2013<\/span> <span class=\"xr_tl Normal_Text xr_s1\">Kursleiter Fit durch die Schwangerschaft <\/span><br \/>\n<span class=\"xr_tl Normal_Text xr_s1\">2012<\/span> <span class=\"xr_tl Normal_Text xr_s1\">Personal-Trainer BSA Akademie <\/span><br \/>\n<span class=\"xr_tl Normal_Text xr_s1\">2012<\/span> <span class=\"xr_tl Normal_Text xr_s1\">Fitness Trainer A-Lizenz <\/span><br \/>\n<span class=\"xr_tl Normal_Text xr_s1\">2012<\/span> <span class=\"xr_tl Normal_Text xr_s1\">Lehrer f\u00fcr Fitness <\/span><br \/>\n<span class=\"xr_tl Normal_Text xr_s1\">2012<\/span> <span class=\"xr_tl Normal_Text xr_s1\">Trainer f\u00fcr ger\u00e4tegest\u00fctztes Krafttraining <\/span><br \/>\n<span class=\"xr_tl Normal_Text xr_s1\">2012<\/span> <span class=\"xr_tl Normal_Text xr_s1\">Leistungssport Body-Trainer <\/span><br \/>\n<span class=\"xr_tl Normal_Text xr_s1\">2011<\/span> <span class=\"xr_tl Normal_Text xr_s1\">Berater f\u00fcr Gewichtsmanagement<br \/>\n2008<\/span> <span class=\"xr_tl Normal_Text xr_s1\">Gesundheitstrainer <\/span><br \/>\n<span class=\"xr_tl Normal_Text xr_s1\">2005<\/span> <span class=\"xr_tl Normal_Text xr_s1\">Trainer f\u00fcr Cardiofitness <\/span><br \/>\n<span class=\"xr_tl Normal_Text xr_s1\">2004<\/span> <span class=\"xr_tl Normal_Text xr_s1\">Ern\u00e4hrungstrainer B-Lizenz<\/span><br \/>\n<span class=\"xr_tl Normal_Text xr_s1\">2004<\/span> <span class=\"xr_tl Normal_Text xr_s1\">Trainer f\u00fcr Sportrehabilitation<br \/>\n<\/span><span class=\"xr_tl Normal_Text xr_s1\">2004<\/span> <span class=\"xr_tl Normal_Text xr_s1\">Fitnesstrainer B-Lizenz <\/span><\/p>\n<p><span class=\"xr_tl Normal_Text xr_s1\">Ausbildungen bei ENEPS, Ecole nationale d&rsquo;\u00e9ducation physique et des sports, Luxembourg : <\/span><br \/>\n<span class=\"xr_tl Normal_Text xr_s1\">2013<\/span> <span class=\"xr_tl Normal_Text xr_s1\">Formation pour moniteurs Sport-Loisir Fitness cycle sup\u00e9rieur <\/span><br \/>\n<span class=\"xr_tl Normal_Text xr_s1\">1999<\/span> <span class=\"xr_tl Normal_Text xr_s1\">Formation pour animateurs de Sport-Loisir <\/span><br \/>\n<span class=\"xr_tl Normal_Text xr_s1\">1981<\/span> <span class=\"xr_tl Normal_Text xr_s1\">Formation &lsquo;Moniteur-Entraineur de Gymnastique&rsquo; <\/span><br \/>\n<span class=\"xr_tl Normal_Text xr_s1\">1979<\/span> <span class=\"xr_tl Normal_Text xr_s1\">Formation de Base ENEPS <\/span><\/p>\n<p><span class=\"xr_tl Normal_Text xr_s1\">Ausbildungen bei SAFS-BETA Bildungs Akademie : <\/span><br \/>\n<span class=\"xr_tl Normal_Text xr_s1\">2014 GolfFitness-Trainer (by Albatros Training, Zurich) <\/span><br \/>\n<span class=\"xr_tl Normal_Text xr_s1\">2013<\/span> <span class=\"xr_tl Normal_Text xr_s1\">Sport- und Regenerationsmassage <\/span><\/p>\n<p><span class=\"xr_tl Normal_Text xr_s1\">Ausbildungen bei Premium Personal Trainer Club, Bergisch Gladbach, Allemagne <\/span><br \/>\n<span class=\"xr_tl Normal_Text xr_s1\">2013<\/span> <span class=\"xr_tl Normal_Text xr_s1\">Existenzgr\u00fcndung Personal Training &#8211; Unternehmerich erfolgreich sein <\/span><br \/>\n<span class=\"xr_tl Normal_Text xr_s1\">2013<\/span> <span class=\"xr_tl Normal_Text xr_s1\">Eingands-Check-up im Personal Training <\/span><\/p>\n<p><span class=\"xr_tl Normal_Text xr_s1\">Ausbildungen bei SAFS (Swiss Akademy for Fitness and Sports) Z\u00fcrich, Suisse :<\/span><br \/>\n<span class=\"xr_tl Normal_Text xr_s1\">1999<\/span> <span class=\"xr_tl Normal_Text xr_s1\">SAFS Aerobic Advanced Instructor <\/span><br \/>\n<span class=\"xr_tl Normal_Text xr_s1\">1999<\/span> <span class=\"xr_tl Normal_Text xr_s1\">FISAF (F\u00e9d\u00e9ration Internationale des Sports Aerobics et Fitness) Certified Instructor in Aerobics advanced <\/span><br \/>\n<span class=\"xr_tl Normal_Text xr_s1\">1998<\/span> <span class=\"xr_tl Normal_Text xr_s1\">Safs Step Reebok Experte <\/span><br \/>\n<span class=\"xr_tl Normal_Text xr_s1\">1995<\/span> <span class=\"xr_tl Normal_Text xr_s1\">SAFS Aerobic Trainer B-Lizenz <\/span><\/p>\n<p><span class=\"xr_tl Normal_Text xr_s1\">Ausbildungen bei Iron-Systems, IFHIAS International, Dassendorf , Allemagne :<\/span><br \/>\n<span class=\"xr_tl Normal_Text xr_s1\">2013<\/span> <span class=\"xr_tl Normal_Text xr_s1\">Hot Iron spezielle Zielgruppen ( Osteoporose, Schwangere, Silver Generation etc.)<br \/>\n<\/span> <span class=\"xr_tl Normal_Text xr_s1\">2013<\/span> <span class=\"xr_tl Normal_Text xr_s1\">Hot Iron Youngster <\/span><br \/>\n<span class=\"xr_tl Normal_Text xr_s1\">2012<\/span> <span class=\"xr_tl Normal_Text xr_s1\">Iron System, Orthop\u00e4disch gesundheitliche Einschr\u00e4nkungen <\/span><br \/>\n<span class=\"xr_tl Normal_Text xr_s1\">2012<\/span> <span class=\"xr_tl Normal_Text xr_s1\">Hot Iron, Ern\u00c4hrung <\/span><br \/>\n<span class=\"xr_tl Normal_Text xr_s1\">2010<\/span> <span class=\"xr_tl Normal_Text xr_s1\">Iron Workout <\/span><br \/>\n<span class=\"xr_tl Normal_Text xr_s1\">2010<\/span> <span class=\"xr_tl Normal_Text xr_s1\">Iron System Instructor <\/span><br \/>\n<span class=\"xr_tl Normal_Text xr_s1\">2008<\/span> <span class=\"xr_tl Normal_Text xr_s1\">Hot Iron Instructor <\/span><\/p>\n<p><span class=\"xr_tl Normal_Text xr_s1\">Divers :<\/span><br \/>\n<span class=\"xr_tl Normal_Text xr_s1\">2011<\/span> <span class=\"xr_tl Normal_Text xr_s1\">Cours de secourisme, d\u00e9fibrillateur, Croix rouge Luxembourg <\/span><br \/>\n<span class=\"xr_tl Normal_Text xr_s1\">1999<\/span> <span class=\"xr_tl Normal_Text xr_s1\">Cours de secourisme 292\/99 Croix rouge Luxembourg <\/span><\/p>\n","protected":false},"excerpt":{"rendered":"<p>Meine sportliche Laufbahn begann f\u00fcr heutige Verh\u00e4ltnisse ziemlich sp\u00e4t: Erst mit 12 Jahren trat ich dem lokalen Turnverein bei. Kurze<\/p>\n","protected":false},"author":1,"featured_media":0,"parent":0,"menu_order":0,"comment_status":"closed","ping_status":"closed","template":"","meta":{"footnotes":""},"class_list":["post-9","page","type-page","status-publish","hentry"],"yoast_head":"<!-- This site is optimized with the Yoast SEO plugin v27.3 - https:\/\/yoast.com\/product\/yoast-seo-wordpress\/ -->\n<title>\u00e4ren Personal Trainer -<\/title>\n<meta name=\"robots\" content=\"index, follow, max-snippet:-1, max-image-preview:large, max-video-preview:-1\" \/>\n<link rel=\"canonical\" href=\"http:\/\/www.gk-personal-training.lu\/gkde\/ihr-personal-trainer\/\" \/>\n<meta property=\"og:locale\" content=\"fr_FR\" \/>\n<meta property=\"og:type\" content=\"article\" \/>\n<meta property=\"og:title\" content=\"\u00e4ren Personal Trainer -\" \/>\n<meta property=\"og:description\" content=\"Meine sportliche Laufbahn begann f\u00fcr heutige Verh\u00e4ltnisse ziemlich sp\u00e4t: Erst mit 12 Jahren trat ich dem lokalen Turnverein bei. Kurze\" \/>\n<meta property=\"og:url\" content=\"http:\/\/www.gk-personal-training.lu\/gkde\/ihr-personal-trainer\/\" \/>\n<meta property=\"article:modified_time\" content=\"2023-02-28T07:27:35+00:00\" \/>\n<meta property=\"og:image\" content=\"http:\/\/www.gk-personal-training.lu\/gkde\/wp-content\/uploads\/2022\/12\/541.jpg\" \/>\n<meta name=\"twitter:card\" content=\"summary_large_image\" \/>\n<meta name=\"twitter:label1\" content=\"Dur\u00e9e de lecture estim\u00e9e\" \/>\n\t<meta name=\"twitter:data1\" content=\"4 minutes\" \/>\n<script type=\"application\/ld+json\" class=\"yoast-schema-graph\">{\"@context\":\"https:\\\/\\\/schema.org\",\"@graph\":[{\"@type\":\"WebPage\",\"@id\":\"http:\\\/\\\/www.gk-personal-training.lu\\\/gkde\\\/ihr-personal-trainer\\\/\",\"url\":\"http:\\\/\\\/www.gk-personal-training.lu\\\/gkde\\\/ihr-personal-trainer\\\/\",\"name\":\"\u00e4ren Personal Trainer -\",\"isPartOf\":{\"@id\":\"http:\\\/\\\/www.gk-personal-training.lu\\\/gkde\\\/#website\"},\"primaryImageOfPage\":{\"@id\":\"http:\\\/\\\/www.gk-personal-training.lu\\\/gkde\\\/ihr-personal-trainer\\\/#primaryimage\"},\"image\":{\"@id\":\"http:\\\/\\\/www.gk-personal-training.lu\\\/gkde\\\/ihr-personal-trainer\\\/#primaryimage\"},\"thumbnailUrl\":\"http:\\\/\\\/www.gk-personal-training.lu\\\/gkde\\\/wp-content\\\/uploads\\\/2022\\\/12\\\/541.jpg\",\"datePublished\":\"2022-12-28T09:00:09+00:00\",\"dateModified\":\"2023-02-28T07:27:35+00:00\",\"breadcrumb\":{\"@id\":\"http:\\\/\\\/www.gk-personal-training.lu\\\/gkde\\\/ihr-personal-trainer\\\/#breadcrumb\"},\"inLanguage\":\"fr-FR\",\"potentialAction\":[{\"@type\":\"ReadAction\",\"target\":[\"http:\\\/\\\/www.gk-personal-training.lu\\\/gkde\\\/ihr-personal-trainer\\\/\"]}]},{\"@type\":\"ImageObject\",\"inLanguage\":\"fr-FR\",\"@id\":\"http:\\\/\\\/www.gk-personal-training.lu\\\/gkde\\\/ihr-personal-trainer\\\/#primaryimage\",\"url\":\"http:\\\/\\\/www.gk-personal-training.lu\\\/gkde\\\/wp-content\\\/uploads\\\/2022\\\/12\\\/541.jpg\",\"contentUrl\":\"http:\\\/\\\/www.gk-personal-training.lu\\\/gkde\\\/wp-content\\\/uploads\\\/2022\\\/12\\\/541.jpg\",\"width\":181,\"height\":221},{\"@type\":\"BreadcrumbList\",\"@id\":\"http:\\\/\\\/www.gk-personal-training.lu\\\/gkde\\\/ihr-personal-trainer\\\/#breadcrumb\",\"itemListElement\":[{\"@type\":\"ListItem\",\"position\":1,\"name\":\"Accueil\",\"item\":\"http:\\\/\\\/www.gk-personal-training.lu\\\/gkde\\\/\"},{\"@type\":\"ListItem\",\"position\":2,\"name\":\"\u00e4ren Personal Trainer\"}]},{\"@type\":\"WebSite\",\"@id\":\"http:\\\/\\\/www.gk-personal-training.lu\\\/gkde\\\/#website\",\"url\":\"http:\\\/\\\/www.gk-personal-training.lu\\\/gkde\\\/\",\"name\":\"\",\"description\":\"\",\"potentialAction\":[{\"@type\":\"SearchAction\",\"target\":{\"@type\":\"EntryPoint\",\"urlTemplate\":\"http:\\\/\\\/www.gk-personal-training.lu\\\/gkde\\\/?s={search_term_string}\"},\"query-input\":{\"@type\":\"PropertyValueSpecification\",\"valueRequired\":true,\"valueName\":\"search_term_string\"}}],\"inLanguage\":\"fr-FR\"}]}<\/script>\n<!-- \/ Yoast SEO plugin. -->","yoast_head_json":{"title":"\u00e4ren Personal Trainer -","robots":{"index":"index","follow":"follow","max-snippet":"max-snippet:-1","max-image-preview":"max-image-preview:large","max-video-preview":"max-video-preview:-1"},"canonical":"http:\/\/www.gk-personal-training.lu\/gkde\/ihr-personal-trainer\/","og_locale":"fr_FR","og_type":"article","og_title":"\u00e4ren Personal Trainer -","og_description":"Meine sportliche Laufbahn begann f\u00fcr heutige Verh\u00e4ltnisse ziemlich sp\u00e4t: Erst mit 12 Jahren trat ich dem lokalen Turnverein bei. Kurze","og_url":"http:\/\/www.gk-personal-training.lu\/gkde\/ihr-personal-trainer\/","article_modified_time":"2023-02-28T07:27:35+00:00","og_image":[{"url":"http:\/\/www.gk-personal-training.lu\/gkde\/wp-content\/uploads\/2022\/12\/541.jpg","type":"","width":"","height":""}],"twitter_card":"summary_large_image","twitter_misc":{"Dur\u00e9e de lecture estim\u00e9e":"4 minutes"},"schema":{"@context":"https:\/\/schema.org","@graph":[{"@type":"WebPage","@id":"http:\/\/www.gk-personal-training.lu\/gkde\/ihr-personal-trainer\/","url":"http:\/\/www.gk-personal-training.lu\/gkde\/ihr-personal-trainer\/","name":"\u00e4ren Personal Trainer -","isPartOf":{"@id":"http:\/\/www.gk-personal-training.lu\/gkde\/#website"},"primaryImageOfPage":{"@id":"http:\/\/www.gk-personal-training.lu\/gkde\/ihr-personal-trainer\/#primaryimage"},"image":{"@id":"http:\/\/www.gk-personal-training.lu\/gkde\/ihr-personal-trainer\/#primaryimage"},"thumbnailUrl":"http:\/\/www.gk-personal-training.lu\/gkde\/wp-content\/uploads\/2022\/12\/541.jpg","datePublished":"2022-12-28T09:00:09+00:00","dateModified":"2023-02-28T07:27:35+00:00","breadcrumb":{"@id":"http:\/\/www.gk-personal-training.lu\/gkde\/ihr-personal-trainer\/#breadcrumb"},"inLanguage":"fr-FR","potentialAction":[{"@type":"ReadAction","target":["http:\/\/www.gk-personal-training.lu\/gkde\/ihr-personal-trainer\/"]}]},{"@type":"ImageObject","inLanguage":"fr-FR","@id":"http:\/\/www.gk-personal-training.lu\/gkde\/ihr-personal-trainer\/#primaryimage","url":"http:\/\/www.gk-personal-training.lu\/gkde\/wp-content\/uploads\/2022\/12\/541.jpg","contentUrl":"http:\/\/www.gk-personal-training.lu\/gkde\/wp-content\/uploads\/2022\/12\/541.jpg","width":181,"height":221},{"@type":"BreadcrumbList","@id":"http:\/\/www.gk-personal-training.lu\/gkde\/ihr-personal-trainer\/#breadcrumb","itemListElement":[{"@type":"ListItem","position":1,"name":"Accueil","item":"http:\/\/www.gk-personal-training.lu\/gkde\/"},{"@type":"ListItem","position":2,"name":"\u00e4ren Personal Trainer"}]},{"@type":"WebSite","@id":"http:\/\/www.gk-personal-training.lu\/gkde\/#website","url":"http:\/\/www.gk-personal-training.lu\/gkde\/","name":"","description":"","potentialAction":[{"@type":"SearchAction","target":{"@type":"EntryPoint","urlTemplate":"http:\/\/www.gk-personal-training.lu\/gkde\/?s={search_term_string}"},"query-input":{"@type":"PropertyValueSpecification","valueRequired":true,"valueName":"search_term_string"}}],"inLanguage":"fr-FR"}]}},"_links":{"self":[{"href":"http:\/\/www.gk-personal-training.lu\/gkde\/wp-json\/wp\/v2\/pages\/9","targetHints":{"allow":["GET"]}}],"collection":[{"href":"http:\/\/www.gk-personal-training.lu\/gkde\/wp-json\/wp\/v2\/pages"}],"about":[{"href":"http:\/\/www.gk-personal-training.lu\/gkde\/wp-json\/wp\/v2\/types\/page"}],"author":[{"embeddable":true,"href":"http:\/\/www.gk-personal-training.lu\/gkde\/wp-json\/wp\/v2\/users\/1"}],"replies":[{"embeddable":true,"href":"http:\/\/www.gk-personal-training.lu\/gkde\/wp-json\/wp\/v2\/comments?post=9"}],"version-history":[{"count":5,"href":"http:\/\/www.gk-personal-training.lu\/gkde\/wp-json\/wp\/v2\/pages\/9\/revisions"}],"predecessor-version":[{"id":62,"href":"http:\/\/www.gk-personal-training.lu\/gkde\/wp-json\/wp\/v2\/pages\/9\/revisions\/62"}],"wp:attachment":[{"href":"http:\/\/www.gk-personal-training.lu\/gkde\/wp-json\/wp\/v2\/media?parent=9"}],"curies":[{"name":"wp","href":"https:\/\/api.w.org\/{rel}","templated":true}]}}