{"id":5,"date":"2022-12-28T09:58:43","date_gmt":"2022-12-28T08:58:43","guid":{"rendered":"http:\/\/www.gk-personal-training.lu\/gkde\/?page_id=5"},"modified":"2023-01-06T11:03:45","modified_gmt":"2023-01-06T10:03:45","slug":"herzlich-willkommen-auf-meiner-homepage","status":"publish","type":"page","link":"http:\/\/www.gk-personal-training.lu\/gkde\/","title":{"rendered":"Moien, ech sinn de Guy Krier, \u00e4re pers\u00e9inlechen Trainer"},"content":{"rendered":"<header class=\"entry-header\"><span class=\"xr_tl Normal_Text xr_s1\"><img loading=\"lazy\" decoding=\"async\" class=\"size-full wp-image-6 alignleft\" src=\"http:\/\/www.gk-personal-training.lu\/gkde\/wp-content\/uploads\/2022\/12\/499.jpg\" alt=\"\" width=\"181\" height=\"212\">Sie wollen etwas in Ihrem Leben ver\u00e4ndern? Sie glauben, Sie w\u00e4ren emotional oder <\/span> <span class=\"xr_tl Normal_Text xr_s1\">k\u00f6rperlich nicht auf der H\u00f6he ?<\/span><\/p>\n<p><span class=\"xr_tl Normal_Text xr_s1\">Ihr K\u00f6rper zeigt schon seit l\u00e4ngerem Symptome des Leidens wie R\u00fcckenschmerzen, <\/span> <span class=\"xr_tl Normal_Text xr_s1\">Verspannungen, Kopfschmerzen oder Gelenkschmerzen, aber st\u00e4ndig Medikamente <\/span> <span class=\"xr_tl Normal_Text xr_s1\">nehmen, scheint Ihnen auch keine L\u00f6sung zu sein ?<\/span><\/p>\n<p><span class=\"xr_tl Normal_Text xr_s1\">Sie m\u00f6chten effektiver trainieren, abnehmen, Ihre Trainingszeit besser nutzen, sich <\/span> <span class=\"xr_tl Normal_Text xr_s1\">allgemein wieder in Schwung bringen, aber Sie wissen nicht wie Sie das bewerkstelligen <\/span> <span class=\"xr_tl Normal_Text xr_s1\">sollen?<\/span><\/p>\n<p><span class=\"xr_tl Normal_Text xr_s1\">Nehmen Sie sich zuallerst etwas Zeit f\u00fcr sich selbst! Ideal w\u00e4re, wenn Sie jemanden h\u00e4tten, der Sie bei diesem <\/span> <span class=\"xr_tl Normal_Text xr_s1\">Unternehmen motiviert und unterst\u00fctzt.<img loading=\"lazy\" decoding=\"async\" class=\"size-medium wp-image-44 alignright\" src=\"http:\/\/www.gk-personal-training.lu\/gkde\/wp-content\/uploads\/2022\/12\/693-225x300.jpg\" alt=\"\" width=\"225\" height=\"300\" srcset=\"http:\/\/www.gk-personal-training.lu\/gkde\/wp-content\/uploads\/2022\/12\/693-225x300.jpg 225w, http:\/\/www.gk-personal-training.lu\/gkde\/wp-content\/uploads\/2022\/12\/693.jpg 563w\" sizes=\"auto, (max-width: 225px) 100vw, 225px\" \/><\/span><\/p>\n<p><span class=\"xr_tl Normal_Text xr_s1\">Meine Aufgabe ist, je nach Ihren Vorstellugen und Zielsetzungen, ein ganzheitliches Gesundheits- und <\/span> <span class=\"xr_tl Normal_Text xr_s1\">Bewegungskonzept, sicher und effizient, f\u00fcr Sie umzusetzen. Sowohl bei Ihnen zuhause, draussen in der Natur als <\/span> <span class=\"xr_tl Normal_Text xr_s1\">auch in meinem Personal Trainer Studio.<\/span><\/p>\n<p><span class=\"xr_tl Normal_Text xr_s1\">Ich freue mich darauf, Sie mit unserem gemeinsamen Training zu begeistern und zu unterst\u00fctzen, damit Sie Ihre <\/span> <span class=\"xr_tl Normal_Text xr_s1\">pers\u00f6nlichen Ziele erreichen und somit auch Ihre Lebensqualit\u00e4t verbessern.<\/span><\/p>\n<p><span class=\"xr_tl Normal_Text xr_s1\">Sie werden feststellen, dass Sie Ihr Personal Training mit Leichtigkeit und Freude absolvieren. Bald merken Sie, dass <\/span> <span class=\"xr_tl Normal_Text xr_s1\">Sie sich ein Leben ohne regelm\u00e4ssiges Training nicht mehr vorstellen k\u00f6nnen.<\/span><\/p>\n<p><span class=\"xr_tl Normal_Text xr_s1\">Ich danke Ihnen, Sie einen Teil auf Ihrem neuen und erfolgreichen Weg begleiten zu d\u00fcrfen.<\/span><\/p>\n<p><span class=\"xr_tl Normal_Text xr_s1\">Guy Krier Personal Trainer<\/span><\/p>\n<\/header>\n","protected":false},"excerpt":{"rendered":"<p>Sie wollen etwas in Ihrem Leben ver\u00e4ndern? Sie glauben, Sie w\u00e4ren emotional oder k\u00f6rperlich nicht auf der H\u00f6he ? Ihr<\/p>\n","protected":false},"author":1,"featured_media":0,"parent":0,"menu_order":0,"comment_status":"closed","ping_status":"closed","template":"","meta":{"footnotes":""},"class_list":["post-5","page","type-page","status-publish","hentry"],"yoast_head":"<!-- This site is optimized with the Yoast SEO plugin v27.3 - https:\/\/yoast.com\/product\/yoast-seo-wordpress\/ -->\n<title>Moien, ech sinn de Guy Krier, \u00e4re pers\u00e9inlechen Trainer -<\/title>\n<meta name=\"robots\" content=\"index, follow, max-snippet:-1, max-image-preview:large, max-video-preview:-1\" \/>\n<link rel=\"canonical\" href=\"http:\/\/www.gk-personal-training.lu\/gkde\/\" \/>\n<meta property=\"og:locale\" content=\"fr_FR\" \/>\n<meta property=\"og:type\" content=\"article\" \/>\n<meta property=\"og:title\" content=\"Moien, ech sinn de Guy Krier, \u00e4re pers\u00e9inlechen Trainer -\" \/>\n<meta property=\"og:description\" content=\"Sie wollen etwas in Ihrem Leben ver\u00e4ndern? Sie glauben, Sie w\u00e4ren emotional oder k\u00f6rperlich nicht auf der H\u00f6he ? Ihr\" \/>\n<meta property=\"og:url\" content=\"http:\/\/www.gk-personal-training.lu\/gkde\/\" \/>\n<meta property=\"article:modified_time\" content=\"2023-01-06T10:03:45+00:00\" \/>\n<meta property=\"og:image\" content=\"http:\/\/www.gk-personal-training.lu\/gkde\/wp-content\/uploads\/2022\/12\/499.jpg\" \/>\n<meta name=\"twitter:card\" content=\"summary_large_image\" \/>\n<meta name=\"twitter:label1\" content=\"Dur\u00e9e de lecture estim\u00e9e\" \/>\n\t<meta name=\"twitter:data1\" content=\"2 minutes\" \/>\n<script type=\"application\/ld+json\" class=\"yoast-schema-graph\">{\"@context\":\"https:\\\/\\\/schema.org\",\"@graph\":[{\"@type\":\"WebPage\",\"@id\":\"http:\\\/\\\/www.gk-personal-training.lu\\\/gkde\\\/\",\"url\":\"http:\\\/\\\/www.gk-personal-training.lu\\\/gkde\\\/\",\"name\":\"Moien, ech sinn de Guy Krier, \u00e4re pers\u00e9inlechen Trainer -\",\"isPartOf\":{\"@id\":\"http:\\\/\\\/www.gk-personal-training.lu\\\/gkde\\\/#website\"},\"primaryImageOfPage\":{\"@id\":\"http:\\\/\\\/www.gk-personal-training.lu\\\/gkde\\\/#primaryimage\"},\"image\":{\"@id\":\"http:\\\/\\\/www.gk-personal-training.lu\\\/gkde\\\/#primaryimage\"},\"thumbnailUrl\":\"http:\\\/\\\/www.gk-personal-training.lu\\\/gkde\\\/wp-content\\\/uploads\\\/2022\\\/12\\\/499.jpg\",\"datePublished\":\"2022-12-28T08:58:43+00:00\",\"dateModified\":\"2023-01-06T10:03:45+00:00\",\"breadcrumb\":{\"@id\":\"http:\\\/\\\/www.gk-personal-training.lu\\\/gkde\\\/#breadcrumb\"},\"inLanguage\":\"fr-FR\",\"potentialAction\":[{\"@type\":\"ReadAction\",\"target\":[\"http:\\\/\\\/www.gk-personal-training.lu\\\/gkde\\\/\"]}]},{\"@type\":\"ImageObject\",\"inLanguage\":\"fr-FR\",\"@id\":\"http:\\\/\\\/www.gk-personal-training.lu\\\/gkde\\\/#primaryimage\",\"url\":\"http:\\\/\\\/www.gk-personal-training.lu\\\/gkde\\\/wp-content\\\/uploads\\\/2022\\\/12\\\/499.jpg\",\"contentUrl\":\"http:\\\/\\\/www.gk-personal-training.lu\\\/gkde\\\/wp-content\\\/uploads\\\/2022\\\/12\\\/499.jpg\",\"width\":181,\"height\":212},{\"@type\":\"BreadcrumbList\",\"@id\":\"http:\\\/\\\/www.gk-personal-training.lu\\\/gkde\\\/#breadcrumb\",\"itemListElement\":[{\"@type\":\"ListItem\",\"position\":1,\"name\":\"Accueil\",\"item\":\"http:\\\/\\\/www.gk-personal-training.lu\\\/gkde\\\/\"},{\"@type\":\"ListItem\",\"position\":2,\"name\":\"Moien, ech sinn de Guy Krier, \u00e4re pers\u00e9inlechen Trainer\"}]},{\"@type\":\"WebSite\",\"@id\":\"http:\\\/\\\/www.gk-personal-training.lu\\\/gkde\\\/#website\",\"url\":\"http:\\\/\\\/www.gk-personal-training.lu\\\/gkde\\\/\",\"name\":\"\",\"description\":\"\",\"potentialAction\":[{\"@type\":\"SearchAction\",\"target\":{\"@type\":\"EntryPoint\",\"urlTemplate\":\"http:\\\/\\\/www.gk-personal-training.lu\\\/gkde\\\/?s={search_term_string}\"},\"query-input\":{\"@type\":\"PropertyValueSpecification\",\"valueRequired\":true,\"valueName\":\"search_term_string\"}}],\"inLanguage\":\"fr-FR\"}]}<\/script>\n<!-- \/ Yoast SEO plugin. -->","yoast_head_json":{"title":"Moien, ech sinn de Guy Krier, \u00e4re pers\u00e9inlechen Trainer -","robots":{"index":"index","follow":"follow","max-snippet":"max-snippet:-1","max-image-preview":"max-image-preview:large","max-video-preview":"max-video-preview:-1"},"canonical":"http:\/\/www.gk-personal-training.lu\/gkde\/","og_locale":"fr_FR","og_type":"article","og_title":"Moien, ech sinn de Guy Krier, \u00e4re pers\u00e9inlechen Trainer -","og_description":"Sie wollen etwas in Ihrem Leben ver\u00e4ndern? Sie glauben, Sie w\u00e4ren emotional oder k\u00f6rperlich nicht auf der H\u00f6he ? Ihr","og_url":"http:\/\/www.gk-personal-training.lu\/gkde\/","article_modified_time":"2023-01-06T10:03:45+00:00","og_image":[{"url":"http:\/\/www.gk-personal-training.lu\/gkde\/wp-content\/uploads\/2022\/12\/499.jpg","type":"","width":"","height":""}],"twitter_card":"summary_large_image","twitter_misc":{"Dur\u00e9e de lecture estim\u00e9e":"2 minutes"},"schema":{"@context":"https:\/\/schema.org","@graph":[{"@type":"WebPage","@id":"http:\/\/www.gk-personal-training.lu\/gkde\/","url":"http:\/\/www.gk-personal-training.lu\/gkde\/","name":"Moien, ech sinn de Guy Krier, \u00e4re pers\u00e9inlechen Trainer -","isPartOf":{"@id":"http:\/\/www.gk-personal-training.lu\/gkde\/#website"},"primaryImageOfPage":{"@id":"http:\/\/www.gk-personal-training.lu\/gkde\/#primaryimage"},"image":{"@id":"http:\/\/www.gk-personal-training.lu\/gkde\/#primaryimage"},"thumbnailUrl":"http:\/\/www.gk-personal-training.lu\/gkde\/wp-content\/uploads\/2022\/12\/499.jpg","datePublished":"2022-12-28T08:58:43+00:00","dateModified":"2023-01-06T10:03:45+00:00","breadcrumb":{"@id":"http:\/\/www.gk-personal-training.lu\/gkde\/#breadcrumb"},"inLanguage":"fr-FR","potentialAction":[{"@type":"ReadAction","target":["http:\/\/www.gk-personal-training.lu\/gkde\/"]}]},{"@type":"ImageObject","inLanguage":"fr-FR","@id":"http:\/\/www.gk-personal-training.lu\/gkde\/#primaryimage","url":"http:\/\/www.gk-personal-training.lu\/gkde\/wp-content\/uploads\/2022\/12\/499.jpg","contentUrl":"http:\/\/www.gk-personal-training.lu\/gkde\/wp-content\/uploads\/2022\/12\/499.jpg","width":181,"height":212},{"@type":"BreadcrumbList","@id":"http:\/\/www.gk-personal-training.lu\/gkde\/#breadcrumb","itemListElement":[{"@type":"ListItem","position":1,"name":"Accueil","item":"http:\/\/www.gk-personal-training.lu\/gkde\/"},{"@type":"ListItem","position":2,"name":"Moien, ech sinn de Guy Krier, \u00e4re pers\u00e9inlechen Trainer"}]},{"@type":"WebSite","@id":"http:\/\/www.gk-personal-training.lu\/gkde\/#website","url":"http:\/\/www.gk-personal-training.lu\/gkde\/","name":"","description":"","potentialAction":[{"@type":"SearchAction","target":{"@type":"EntryPoint","urlTemplate":"http:\/\/www.gk-personal-training.lu\/gkde\/?s={search_term_string}"},"query-input":{"@type":"PropertyValueSpecification","valueRequired":true,"valueName":"search_term_string"}}],"inLanguage":"fr-FR"}]}},"_links":{"self":[{"href":"http:\/\/www.gk-personal-training.lu\/gkde\/wp-json\/wp\/v2\/pages\/5","targetHints":{"allow":["GET"]}}],"collection":[{"href":"http:\/\/www.gk-personal-training.lu\/gkde\/wp-json\/wp\/v2\/pages"}],"about":[{"href":"http:\/\/www.gk-personal-training.lu\/gkde\/wp-json\/wp\/v2\/types\/page"}],"author":[{"embeddable":true,"href":"http:\/\/www.gk-personal-training.lu\/gkde\/wp-json\/wp\/v2\/users\/1"}],"replies":[{"embeddable":true,"href":"http:\/\/www.gk-personal-training.lu\/gkde\/wp-json\/wp\/v2\/comments?post=5"}],"version-history":[{"count":6,"href":"http:\/\/www.gk-personal-training.lu\/gkde\/wp-json\/wp\/v2\/pages\/5\/revisions"}],"predecessor-version":[{"id":47,"href":"http:\/\/www.gk-personal-training.lu\/gkde\/wp-json\/wp\/v2\/pages\/5\/revisions\/47"}],"wp:attachment":[{"href":"http:\/\/www.gk-personal-training.lu\/gkde\/wp-json\/wp\/v2\/media?parent=5"}],"curies":[{"name":"wp","href":"https:\/\/api.w.org\/{rel}","templated":true}]}}