{"id":13,"date":"2022-12-28T10:00:48","date_gmt":"2022-12-28T09:00:48","guid":{"rendered":"http:\/\/www.gk-personal-training.lu\/gkde\/?page_id=13"},"modified":"2022-12-28T10:59:29","modified_gmt":"2022-12-28T09:59:29","slug":"leistungsspektrum","status":"publish","type":"page","link":"http:\/\/www.gk-personal-training.lu\/gkde\/leistungsspektrum\/","title":{"rendered":"Leistungsspektrum"},"content":{"rendered":"<p><span class=\"xr_tl Normal_Text xr_s1\">Nach Durchf\u00fchrung eines ausf\u00fchrlichen Check-Up- Gespr\u00e4ches und\u00a0 einer gemeinsam definierten Zielsetzung, wird <\/span> <span class=\"xr_tl Normal_Text xr_s1\">ein individuelles Trainingsprogramm f\u00fcr Sie aufgebaut.<\/span><\/p>\n<p style=\"text-align: center;\"><span class=\"xr_tl Normal_Text xr_s1\"><img loading=\"lazy\" decoding=\"async\" class=\"alignnone size-medium wp-image-33\" src=\"http:\/\/www.gk-personal-training.lu\/gkde\/wp-content\/uploads\/2022\/12\/788-225x300.jpg\" alt=\"\" width=\"225\" height=\"300\" srcset=\"http:\/\/www.gk-personal-training.lu\/gkde\/wp-content\/uploads\/2022\/12\/788-225x300.jpg 225w, http:\/\/www.gk-personal-training.lu\/gkde\/wp-content\/uploads\/2022\/12\/788.jpg 563w\" sizes=\"auto, (max-width: 225px) 100vw, 225px\" \/> <img loading=\"lazy\" decoding=\"async\" class=\"alignnone size-medium wp-image-34\" src=\"http:\/\/www.gk-personal-training.lu\/gkde\/wp-content\/uploads\/2022\/12\/789-225x300.jpg\" alt=\"\" width=\"225\" height=\"300\" srcset=\"http:\/\/www.gk-personal-training.lu\/gkde\/wp-content\/uploads\/2022\/12\/789-225x300.jpg 225w, http:\/\/www.gk-personal-training.lu\/gkde\/wp-content\/uploads\/2022\/12\/789.jpg 563w\" sizes=\"auto, (max-width: 225px) 100vw, 225px\" \/> <img loading=\"lazy\" decoding=\"async\" class=\"alignnone size-medium wp-image-35\" src=\"http:\/\/www.gk-personal-training.lu\/gkde\/wp-content\/uploads\/2022\/12\/790-225x300.jpg\" alt=\"\" width=\"225\" height=\"300\" srcset=\"http:\/\/www.gk-personal-training.lu\/gkde\/wp-content\/uploads\/2022\/12\/790-225x300.jpg 225w, http:\/\/www.gk-personal-training.lu\/gkde\/wp-content\/uploads\/2022\/12\/790.jpg 563w\" sizes=\"auto, (max-width: 225px) 100vw, 225px\" \/><\/span><\/p>\n<p><span class=\"xr_tl Normal_Text xr_s1\">VHier ein Auszug aus verschiedenenTrainingsprogrammen:<\/span><\/p>\n<p><span class=\"xr_tl Normal_Text xr_s1\">Gewichtsreduktion<\/span><br \/>\n<span class=\"xr_tl Normal_Text xr_s1\">Figurtraining<\/span><br \/>\n<span class=\"xr_tl Normal_Text xr_s1\">Coretraining (TRX-Workout, Kettlebell, Medizinb\u00e4lle&#8230;)<\/span><br \/>\n<span class=\"xr_tl Normal_Text xr_s1\">Athletik Workout \/ Funktionaltraining<\/span><br \/>\n<span class=\"xr_tl Normal_Text xr_s1\">Pr\u00e4vention und Post-Rehabilitation<\/span><br \/>\n<span class=\"xr_tl Normal_Text xr_s1\">Kraft- und Konditionstraining<\/span><br \/>\n<span class=\"xr_tl Normal_Text xr_s1\">Pilates<\/span><br \/>\n<span class=\"xr_tl Normal_Text xr_s1\">Pre- und Post-Natales Training<\/span><br \/>\n<span class=\"xr_tl Normal_Text xr_s1\">R\u00fccken Fit<\/span><br \/>\n<span class=\"xr_tl Normal_Text xr_s1\">Sports- und Wellnessmassage ..<\/span><\/p>\n","protected":false},"excerpt":{"rendered":"<p>Nach Durchf\u00fchrung eines ausf\u00fchrlichen Check-Up- Gespr\u00e4ches und\u00a0 einer gemeinsam definierten Zielsetzung, wird ein individuelles Trainingsprogramm f\u00fcr Sie aufgebaut. VHier ein<\/p>\n","protected":false},"author":1,"featured_media":0,"parent":0,"menu_order":0,"comment_status":"closed","ping_status":"closed","template":"","meta":{"footnotes":""},"class_list":["post-13","page","type-page","status-publish","hentry"],"yoast_head":"<!-- This site is optimized with the Yoast SEO plugin v27.3 - https:\/\/yoast.com\/product\/yoast-seo-wordpress\/ -->\n<title>Leistungsspektrum -<\/title>\n<meta name=\"robots\" content=\"index, follow, max-snippet:-1, max-image-preview:large, max-video-preview:-1\" \/>\n<link rel=\"canonical\" href=\"http:\/\/www.gk-personal-training.lu\/gkde\/leistungsspektrum\/\" \/>\n<meta property=\"og:locale\" content=\"fr_FR\" \/>\n<meta property=\"og:type\" content=\"article\" \/>\n<meta property=\"og:title\" content=\"Leistungsspektrum -\" \/>\n<meta property=\"og:description\" content=\"Nach Durchf\u00fchrung eines ausf\u00fchrlichen Check-Up- Gespr\u00e4ches und\u00a0 einer gemeinsam definierten Zielsetzung, wird ein individuelles Trainingsprogramm f\u00fcr Sie aufgebaut. VHier ein\" \/>\n<meta property=\"og:url\" content=\"http:\/\/www.gk-personal-training.lu\/gkde\/leistungsspektrum\/\" \/>\n<meta property=\"article:modified_time\" content=\"2022-12-28T09:59:29+00:00\" \/>\n<meta property=\"og:image\" content=\"http:\/\/www.gk-personal-training.lu\/gkde\/wp-content\/uploads\/2022\/12\/788-225x300.jpg\" \/>\n<meta name=\"twitter:card\" content=\"summary_large_image\" \/>\n<meta name=\"twitter:label1\" content=\"Dur\u00e9e de lecture estim\u00e9e\" \/>\n\t<meta name=\"twitter:data1\" content=\"1 minute\" \/>\n<script type=\"application\/ld+json\" class=\"yoast-schema-graph\">{\"@context\":\"https:\\\/\\\/schema.org\",\"@graph\":[{\"@type\":\"WebPage\",\"@id\":\"http:\\\/\\\/www.gk-personal-training.lu\\\/gkde\\\/leistungsspektrum\\\/\",\"url\":\"http:\\\/\\\/www.gk-personal-training.lu\\\/gkde\\\/leistungsspektrum\\\/\",\"name\":\"Leistungsspektrum -\",\"isPartOf\":{\"@id\":\"http:\\\/\\\/www.gk-personal-training.lu\\\/gkde\\\/#website\"},\"primaryImageOfPage\":{\"@id\":\"http:\\\/\\\/www.gk-personal-training.lu\\\/gkde\\\/leistungsspektrum\\\/#primaryimage\"},\"image\":{\"@id\":\"http:\\\/\\\/www.gk-personal-training.lu\\\/gkde\\\/leistungsspektrum\\\/#primaryimage\"},\"thumbnailUrl\":\"http:\\\/\\\/www.gk-personal-training.lu\\\/gkde\\\/wp-content\\\/uploads\\\/2022\\\/12\\\/788-225x300.jpg\",\"datePublished\":\"2022-12-28T09:00:48+00:00\",\"dateModified\":\"2022-12-28T09:59:29+00:00\",\"breadcrumb\":{\"@id\":\"http:\\\/\\\/www.gk-personal-training.lu\\\/gkde\\\/leistungsspektrum\\\/#breadcrumb\"},\"inLanguage\":\"fr-FR\",\"potentialAction\":[{\"@type\":\"ReadAction\",\"target\":[\"http:\\\/\\\/www.gk-personal-training.lu\\\/gkde\\\/leistungsspektrum\\\/\"]}]},{\"@type\":\"ImageObject\",\"inLanguage\":\"fr-FR\",\"@id\":\"http:\\\/\\\/www.gk-personal-training.lu\\\/gkde\\\/leistungsspektrum\\\/#primaryimage\",\"url\":\"http:\\\/\\\/www.gk-personal-training.lu\\\/gkde\\\/wp-content\\\/uploads\\\/2022\\\/12\\\/788.jpg\",\"contentUrl\":\"http:\\\/\\\/www.gk-personal-training.lu\\\/gkde\\\/wp-content\\\/uploads\\\/2022\\\/12\\\/788.jpg\",\"width\":563,\"height\":750},{\"@type\":\"BreadcrumbList\",\"@id\":\"http:\\\/\\\/www.gk-personal-training.lu\\\/gkde\\\/leistungsspektrum\\\/#breadcrumb\",\"itemListElement\":[{\"@type\":\"ListItem\",\"position\":1,\"name\":\"Accueil\",\"item\":\"http:\\\/\\\/www.gk-personal-training.lu\\\/gkde\\\/\"},{\"@type\":\"ListItem\",\"position\":2,\"name\":\"Leistungsspektrum\"}]},{\"@type\":\"WebSite\",\"@id\":\"http:\\\/\\\/www.gk-personal-training.lu\\\/gkde\\\/#website\",\"url\":\"http:\\\/\\\/www.gk-personal-training.lu\\\/gkde\\\/\",\"name\":\"\",\"description\":\"\",\"potentialAction\":[{\"@type\":\"SearchAction\",\"target\":{\"@type\":\"EntryPoint\",\"urlTemplate\":\"http:\\\/\\\/www.gk-personal-training.lu\\\/gkde\\\/?s={search_term_string}\"},\"query-input\":{\"@type\":\"PropertyValueSpecification\",\"valueRequired\":true,\"valueName\":\"search_term_string\"}}],\"inLanguage\":\"fr-FR\"}]}<\/script>\n<!-- \/ Yoast SEO plugin. -->","yoast_head_json":{"title":"Leistungsspektrum -","robots":{"index":"index","follow":"follow","max-snippet":"max-snippet:-1","max-image-preview":"max-image-preview:large","max-video-preview":"max-video-preview:-1"},"canonical":"http:\/\/www.gk-personal-training.lu\/gkde\/leistungsspektrum\/","og_locale":"fr_FR","og_type":"article","og_title":"Leistungsspektrum -","og_description":"Nach Durchf\u00fchrung eines ausf\u00fchrlichen Check-Up- Gespr\u00e4ches und\u00a0 einer gemeinsam definierten Zielsetzung, wird ein individuelles Trainingsprogramm f\u00fcr Sie aufgebaut. VHier ein","og_url":"http:\/\/www.gk-personal-training.lu\/gkde\/leistungsspektrum\/","article_modified_time":"2022-12-28T09:59:29+00:00","og_image":[{"url":"http:\/\/www.gk-personal-training.lu\/gkde\/wp-content\/uploads\/2022\/12\/788-225x300.jpg","type":"","width":"","height":""}],"twitter_card":"summary_large_image","twitter_misc":{"Dur\u00e9e de lecture estim\u00e9e":"1 minute"},"schema":{"@context":"https:\/\/schema.org","@graph":[{"@type":"WebPage","@id":"http:\/\/www.gk-personal-training.lu\/gkde\/leistungsspektrum\/","url":"http:\/\/www.gk-personal-training.lu\/gkde\/leistungsspektrum\/","name":"Leistungsspektrum -","isPartOf":{"@id":"http:\/\/www.gk-personal-training.lu\/gkde\/#website"},"primaryImageOfPage":{"@id":"http:\/\/www.gk-personal-training.lu\/gkde\/leistungsspektrum\/#primaryimage"},"image":{"@id":"http:\/\/www.gk-personal-training.lu\/gkde\/leistungsspektrum\/#primaryimage"},"thumbnailUrl":"http:\/\/www.gk-personal-training.lu\/gkde\/wp-content\/uploads\/2022\/12\/788-225x300.jpg","datePublished":"2022-12-28T09:00:48+00:00","dateModified":"2022-12-28T09:59:29+00:00","breadcrumb":{"@id":"http:\/\/www.gk-personal-training.lu\/gkde\/leistungsspektrum\/#breadcrumb"},"inLanguage":"fr-FR","potentialAction":[{"@type":"ReadAction","target":["http:\/\/www.gk-personal-training.lu\/gkde\/leistungsspektrum\/"]}]},{"@type":"ImageObject","inLanguage":"fr-FR","@id":"http:\/\/www.gk-personal-training.lu\/gkde\/leistungsspektrum\/#primaryimage","url":"http:\/\/www.gk-personal-training.lu\/gkde\/wp-content\/uploads\/2022\/12\/788.jpg","contentUrl":"http:\/\/www.gk-personal-training.lu\/gkde\/wp-content\/uploads\/2022\/12\/788.jpg","width":563,"height":750},{"@type":"BreadcrumbList","@id":"http:\/\/www.gk-personal-training.lu\/gkde\/leistungsspektrum\/#breadcrumb","itemListElement":[{"@type":"ListItem","position":1,"name":"Accueil","item":"http:\/\/www.gk-personal-training.lu\/gkde\/"},{"@type":"ListItem","position":2,"name":"Leistungsspektrum"}]},{"@type":"WebSite","@id":"http:\/\/www.gk-personal-training.lu\/gkde\/#website","url":"http:\/\/www.gk-personal-training.lu\/gkde\/","name":"","description":"","potentialAction":[{"@type":"SearchAction","target":{"@type":"EntryPoint","urlTemplate":"http:\/\/www.gk-personal-training.lu\/gkde\/?s={search_term_string}"},"query-input":{"@type":"PropertyValueSpecification","valueRequired":true,"valueName":"search_term_string"}}],"inLanguage":"fr-FR"}]}},"_links":{"self":[{"href":"http:\/\/www.gk-personal-training.lu\/gkde\/wp-json\/wp\/v2\/pages\/13","targetHints":{"allow":["GET"]}}],"collection":[{"href":"http:\/\/www.gk-personal-training.lu\/gkde\/wp-json\/wp\/v2\/pages"}],"about":[{"href":"http:\/\/www.gk-personal-training.lu\/gkde\/wp-json\/wp\/v2\/types\/page"}],"author":[{"embeddable":true,"href":"http:\/\/www.gk-personal-training.lu\/gkde\/wp-json\/wp\/v2\/users\/1"}],"replies":[{"embeddable":true,"href":"http:\/\/www.gk-personal-training.lu\/gkde\/wp-json\/wp\/v2\/comments?post=13"}],"version-history":[{"count":2,"href":"http:\/\/www.gk-personal-training.lu\/gkde\/wp-json\/wp\/v2\/pages\/13\/revisions"}],"predecessor-version":[{"id":36,"href":"http:\/\/www.gk-personal-training.lu\/gkde\/wp-json\/wp\/v2\/pages\/13\/revisions\/36"}],"wp:attachment":[{"href":"http:\/\/www.gk-personal-training.lu\/gkde\/wp-json\/wp\/v2\/media?parent=13"}],"curies":[{"name":"wp","href":"https:\/\/api.w.org\/{rel}","templated":true}]}}